{"id":447,"date":"2019-12-21T14:12:11","date_gmt":"2019-12-21T14:12:11","guid":{"rendered":"http:\/\/neu.geschichtslotsen.de\/?page_id=447"},"modified":"2026-01-20T15:48:11","modified_gmt":"2026-01-20T15:48:11","slug":"impressum","status":"publish","type":"page","link":"https:\/\/geschichtslotsen.de\/?page_id=447","title":{"rendered":"Impressum"},"content":{"rendered":"<div data-colibri-id=\"447-c1\" class=\"style-359 style-local-447-c1 position-relative\">\n  <!---->\n  <div data-colibri-component=\"section\" data-colibri-id=\"447-c2\" id=\"custom\" class=\"h-section h-section-global-spacing d-flex align-items-lg-center align-items-md-center align-items-center style-360 style-local-447-c2 position-relative\">\n    <!---->\n    <!---->\n    <div class=\"h-section-grid-container h-section-boxed-container\">\n      <!---->\n      <div data-colibri-id=\"447-c3\" class=\"h-row-container gutters-row-lg-1 gutters-row-md-1 gutters-row-0 gutters-row-v-lg-1 gutters-row-v-md-1 gutters-row-v-1 style-369 style-local-447-c3 position-relative\">\n        <!---->\n        <div class=\"h-row justify-content-lg-center justify-content-md-center justify-content-center align-items-lg-stretch align-items-md-stretch align-items-stretch gutters-col-lg-1 gutters-col-md-1 gutters-col-0 gutters-col-v-lg-1 gutters-col-v-md-1 gutters-col-v-1\">\n          <!---->\n          <div class=\"h-column h-column-container d-flex h-col-lg-auto h-col-md-auto h-col-auto style-370-outer style-local-447-c4-outer\">\n            <div data-colibri-id=\"447-c4\" class=\"d-flex h-flex-basis h-column__inner h-px-lg-1 h-px-md-1 h-px-1 v-inner-lg-1 v-inner-md-1 v-inner-1 style-370 style-local-447-c4 position-relative\">\n              <!---->\n              <!---->\n              <div class=\"w-100 h-y-container h-column__content h-column__v-align flex-basis-100 align-self-lg-start align-self-md-start align-self-start\">\n                <!---->\n                <div data-colibri-id=\"447-c5\" class=\"h-global-transition-all h-heading style-372 style-local-447-c5 position-relative h-element\">\n                  <!---->\n                  <!---->\n                  <h2 class=\"\">Impressum &amp; Datenschutz<\/h2>\n                <\/div>\n              <\/div>\n            <\/div>\n          <\/div>\n        <\/div>\n      <\/div>\n      <div data-colibri-id=\"447-c6\" class=\"h-row-container gutters-row-lg-2 gutters-row-md-2 gutters-row-0 gutters-row-v-lg-2 gutters-row-v-md-2 gutters-row-v-2 style-953 style-local-447-c6 position-relative\">\n        <!---->\n        <div class=\"h-row justify-content-lg-center justify-content-md-center justify-content-center align-items-lg-stretch align-items-md-stretch align-items-stretch gutters-col-lg-2 gutters-col-md-2 gutters-col-0 gutters-col-v-lg-2 gutters-col-v-md-2 gutters-col-v-2\">\n          <!---->\n          <div class=\"h-column h-column-container d-flex h-col-lg-auto h-col-md-auto h-col-auto style-954-outer style-local-447-c7-outer\">\n            <div data-colibri-id=\"447-c7\" class=\"d-flex h-flex-basis h-column__inner h-px-lg-2 h-px-md-2 h-px-2 v-inner-lg-2 v-inner-md-2 v-inner-2 style-954 style-local-447-c7 position-relative\">\n              <!---->\n              <!---->\n              <div class=\"w-100 h-y-container h-column__content h-column__v-align flex-basis-100 align-self-lg-start align-self-md-start align-self-start\">\n                <!---->\n                <div data-colibri-id=\"447-c8\" class=\"h-text h-text-component style-364 style-local-447-c8 position-relative h-element\">\n                  <!---->\n                  <!---->\n                  <div class=\"\">\n                    <p><strong>Angaben gem\u00e4\u00df \u00a7 5 TMG<\/strong>\n                      <br>Dr. Johannes Leicht\n                      <br>GeschichtsLotsen\n                      <br> An den Kopfweiden 8\n                      <br>D-14473 Potsdam<\/p>\n                    <p><strong>Verantwortlich nach \u00a7 55 Abs. 2 RStV<\/strong>\n                      <br>Dr. Johannes Leicht<\/p>\n                    <p><strong>Kontakt<\/strong>\n                      <br>Tel. +49 (0) 331 6012251\n                      <br>info[at]geschichtslotsen.de\n                      <br> www.GeschichtsLotsen.de<\/p>\n                    <p><strong>Umsatzsteuer-ID<\/strong>\n                      <br>gem\u00e4\u00df \u00a7 27 a Umsatzsteuergesetz: DE299964741<\/p>\n                    <p><strong>Grafik<\/strong>\n                      <br>corin-ja-design\n                      <br>Corinna Kallich, Potsdam<\/p>\n                    <p><strong>Haftungshinweis f\u00fcr Inhalte<\/strong>\n                      <br>Die Inhalte unserer Seiten wurden mit gr\u00f6\u00dfter Sorgfalt erstellt. F\u00fcr die Richtigkeit, Vollst\u00e4ndigkeit und Aktualit\u00e4t der Inhalte k\u00f6nnen wir jedoch keine Gew\u00e4hr \u00fcbernehmen. Als Diensteanbieter sind wir gem\u00e4\u00df \u00a7 7 Abs.1 TMG f\u00fcr eigene\n                      Inhalte auf diesen Seiten nach den allgemeinen Gesetzen verantwortlich. Nach \u00a7\u00a7 8 bis 10 TMG sind wir als Diensteanbieter jedoch nicht verpflichtet, \u00fcbermittelte oder gespeicherte fremde Informationen zu \u00fcberwachen oder nach Umst\u00e4nden\n                      zu forschen, die auf eine rechtswidrige T\u00e4tigkeit hinweisen. Verpflichtungen zur Entfernung oder Sperrung der Nutzung von Informationen nach den allgemeinen Gesetzen bleiben hiervon unber\u00fchrt. Eine diesbez\u00fcgliche Haftung ist jedoch\n                      erst ab dem Zeitpunkt der Kenntnis einer konkreten Rechtsverletzung m\u00f6glich. Bei Bekanntwerden von entsprechenden Rechtsverletzungen werden wir diese Inhalte umgehend entfernen.<\/p>\n                    <p><strong>Haftungshinweis f\u00fcr Links<\/strong>\n                      <br>Unser Angebot enth\u00e4lt Links zu externen Webseiten Dritter, auf deren Inhalte wir keinen Einfluss haben. Deshalb k\u00f6nnen wir f\u00fcr diese fremden Inhalte auch keine Gew\u00e4hr \u00fcbernehmen. F\u00fcr die Inhalte der verlinkten Seiten ist stets der\n                      jeweilige Anbieter oder Betreiber der Seiten verantwortlich. Die verlinkten Seiten wurden zum Zeitpunkt der Verlinkung auf m\u00f6gliche Rechtsverst\u00f6\u00dfe \u00fcberpr\u00fcft. Rechtswidrige Inhalte waren zum Zeitpunkt der Verlinkung nicht erkennbar.\n                      Eine permanente inhaltliche Kontrolle der verlinkten Seiten ist jedoch ohne konkrete Anhaltspunkte einer Rechtsverletzung nicht zumutbar. Bei Bekanntwerden von Rechtsverletzungen werden wir derartige Links umgehend entfernen.<\/p>\n                    <p><strong>Urheberrecht<\/strong>\n                      <br>Die durch die Seitenbetreiber erstellten Inhalte und Werke auf dieser Webseite unterliegen dem deutschen Urheberrecht. Die Vervielf\u00e4ltigung, Bearbeitung, Verbreitung und jede Art der Verwertung au\u00dferhalb der Grenzen des Urheberrechtes\n                      bed\u00fcrfen der schriftlichen Zustimmung des jeweiligen Autors bzw. Erstellers. Downloads und Kopien dieser Seite sind nur f\u00fcr den privaten, nicht kommerziellen Gebrauch gestattet. Soweit die Inhalte auf dieser Seite nicht vom Betreiber\n                      erstellt wurden, werden die Urheberrechte Dritter beachtet. Insbesondere werden Inhalte Dritter als solche gekennzeichnet. Sollten Sie trotzdem auf eine Urheberrechtsverletzung aufmerksam werden, bitten wir um einen entsprechenden\n                      Hinweis. Bei Bekanntwerden von Rechtsverletzungen werden wir derartige Inhalte umgehend entfernen.<\/p>\n                    <p><strong>Datenschutz<\/strong>\n                      <br>Wir erheben und verwenden personenbezogene Daten im Rahmen der gesetzlichen Datenschutzbestimmungen der DSGVO und erg\u00e4nzender deutscher Gesetze.<\/p>\n                    <p>Die Nutzung unserer Webseite ist ohne Eingabe personenbezogener Daten m\u00f6glich. Wenn Sie die Seiten unserer Internetpr\u00e4senz aufrufen und diese im Browser angezeigt werden, werden durch die GeschichtsLotsen keine personenbezogenen Daten\n                      ermittelt. Die Website speichert f\u00fcr die Zeit Ihres Besuchs lediglich ein Cookie, das beim Verlassen unserer Internetpr\u00e4senz automatisch gel\u00f6scht wird. Wir verwenden keine Scripte und Techniken, um das Zugriffsverhalten eines Nutzers\n                      nachvollziehen zu k\u00f6nnen.<\/p>\n                    <p>Unser Web-Hoster erhebt automatisch Log-Daten beim Besuch unserer Internetpr\u00e4senz. Auf Basis der Log-Daten erstellt dieser eine anonymisierte Statistikauswertung. Neben der statistischen Analyse werden mit diesen Daten die Dienste\n                      des Hosters optimiert, auch um Angriffe zu erkennen und abwehren zu k\u00f6nnen. Nach Auskunft unseres Hosters werden nicht anonymisierte IP-Adressen nach maximal sieben Tagen automatisch gel\u00f6scht, die Log-Daten mit anonymisierten IP-Adressen\n                      werden nach acht Wochen automatisch gel\u00f6scht.<\/p>\n                    <p>Pers\u00f6nliche Daten werden von den GeschichtsLotsen nur dann erhoben, wenn Sie freiwillig und eigenaktiv unsere Kontaktangebote (bsp. das Kontaktformular) nutzen. Wenn Sie uns anrufen oder eine E-Mail senden, werden die in diesem Prozess\n                      von Ihnen \u00fcbermittelten Daten, z.B. Name, Rufnummer, Mailadresse etc., von uns notiert, verarbeitet und gespeichert, soweit dies anlassbezogen und zweckgebunden notwendig ist, insbesondere aber zum Zwecke der Kontaktaufnahme und\n                      der Zuordnung f\u00fcr eventuelle R\u00fcckfragen.<\/p>\n                    <p>Ihre uns von Ihnen \u00fcbermittelten pers\u00f6nlichen Daten werden durch Anwendung technischer sowie organisatorischer Ma\u00dfnahmen so gesichert, dass sie f\u00fcr den Zugriff unberechtigter Dritter unzug\u00e4nglich sind.<\/p>\n                    <p>S\u00e4mtliche erfassten personenbezogenen Daten werden selbstverst\u00e4ndlich nicht an Dritte weitergegeben.<\/p>\n                    <p>Gem\u00e4\u00df geltendem Recht k\u00f6nnen Sie jederzeit bei uns schriftlich nachfragen, ob und welche personenbezogenen Daten bei uns \u00fcber Sie gespeichert sind. Eine entsprechende Mitteilung hierzu erhalten Sie umgehend und unentgeltlich. Sie haben\n                      das Recht auf Berichtigung unrichtiger Daten sowie auf L\u00f6schung Ihrer bei uns gespeicherten personenbezogenen Daten, soweit dem keine gesetzliche Aufbewahrungspflicht entgegensteht. Sie k\u00f6nnen uns jederzeit kontaktieren (kontakt[at]geschichtslotsen.de),\n                      um diese Einwilligung mit Wirkung f\u00fcr die Zukunft zu widerrufen. Wir werden umgehend die genannten Daten l\u00f6schen.<\/p>\n                    <p>Zur \u00dcbermittlung von sehr sensiblen Daten oder Informationen raten wir dringend, den Postweg zu nutzen, da eine vollst\u00e4ndige Datensicherheit bei einer \u00dcbertragung \u00fcber das Internet nicht gew\u00e4hrleistet werden kann.<\/p>\n                    <p>Wir werden diese Datenschutzerkl\u00e4rung &#8211; soweit erforderlich &#8211; aktualisieren. Wir empfehlen, in gewissen Abst\u00e4nden unsere Datenschutzerkl\u00e4rung erneut zu lesen. Auf grundlegende \u00c4nderungen werden wir explizit hinweisen.<\/p>\n                  <\/div>\n                <\/div>\n              <\/div>\n            <\/div>\n          <\/div>\n        <\/div>\n      <\/div>\n    <\/div>\n  <\/div>\n<\/div>","protected":false},"excerpt":{"rendered":"<p>Impressum &amp; Datenschutz Angaben gem\u00e4\u00df \u00a7 5 TMG Dr. Johannes Leicht GeschichtsLotsen An den Kopfweiden 8 D-14473 Potsdam Verantwortlich nach \u00a7 55 Abs. 2 RStV Dr. Johannes Leicht Kontakt Tel. +49 (0) 331 6012251 info[at]geschichtslotsen.de www.GeschichtsLotsen.de Umsatzsteuer-ID gem\u00e4\u00df \u00a7 27 a Umsatzsteuergesetz: DE299964741 Grafik corin-ja-design Corinna Kallich, Potsdam Haftungshinweis f\u00fcr Inhalte Die Inhalte unserer Seiten [&hellip;]<\/p>\n","protected":false},"author":1,"featured_media":0,"parent":0,"menu_order":0,"comment_status":"closed","ping_status":"closed","template":"page-templates\/full-width-page.php","meta":{"footnotes":""},"class_list":["post-447","page","type-page","status-publish","hentry"],"_links":{"self":[{"href":"https:\/\/geschichtslotsen.de\/index.php?rest_route=\/wp\/v2\/pages\/447","targetHints":{"allow":["GET"]}}],"collection":[{"href":"https:\/\/geschichtslotsen.de\/index.php?rest_route=\/wp\/v2\/pages"}],"about":[{"href":"https:\/\/geschichtslotsen.de\/index.php?rest_route=\/wp\/v2\/types\/page"}],"author":[{"embeddable":true,"href":"https:\/\/geschichtslotsen.de\/index.php?rest_route=\/wp\/v2\/users\/1"}],"replies":[{"embeddable":true,"href":"https:\/\/geschichtslotsen.de\/index.php?rest_route=%2Fwp%2Fv2%2Fcomments&post=447"}],"version-history":[{"count":11,"href":"https:\/\/geschichtslotsen.de\/index.php?rest_route=\/wp\/v2\/pages\/447\/revisions"}],"predecessor-version":[{"id":2918,"href":"https:\/\/geschichtslotsen.de\/index.php?rest_route=\/wp\/v2\/pages\/447\/revisions\/2918"}],"wp:attachment":[{"href":"https:\/\/geschichtslotsen.de\/index.php?rest_route=%2Fwp%2Fv2%2Fmedia&parent=447"}],"curies":[{"name":"wp","href":"https:\/\/api.w.org\/{rel}","templated":true}]}}